{"id":134,"date":"2021-11-14T15:17:23","date_gmt":"2021-11-14T15:17:23","guid":{"rendered":"https:\/\/eusuntdelia.ro\/?page_id=134"},"modified":"2021-12-12T19:35:24","modified_gmt":"2021-12-12T19:35:24","slug":"books","status":"publish","type":"page","link":"https:\/\/eusuntdelia.ro\/?page_id=134","title":{"rendered":"Books"},"content":{"rendered":"\n<div class=\"wp-block-columns is-layout-flex wp-container-core-columns-is-layout-9d6595d7 wp-block-columns-is-layout-flex\">\n<div class=\"wp-block-column is-layout-flow wp-block-column-is-layout-flow\">\n<div class=\"wp-block-columns is-layout-flex wp-container-core-columns-is-layout-9d6595d7 wp-block-columns-is-layout-flex\">\n<div class=\"wp-block-column is-layout-flow wp-block-column-is-layout-flow\">\n<div class=\"wp-block-image\"><figure class=\"aligncenter size-large is-resized\"><img loading=\"lazy\" decoding=\"async\" src=\"https:\/\/eusuntdelia.ro\/wp-content\/uploads\/2021\/11\/CamScanner-11-09-2021-14.38n-1-642x1024.jpg\" alt=\"\" class=\"wp-image-82\" width=\"227\" height=\"362\" srcset=\"https:\/\/eusuntdelia.ro\/wp-content\/uploads\/2021\/11\/CamScanner-11-09-2021-14.38n-1-642x1024.jpg 642w, https:\/\/eusuntdelia.ro\/wp-content\/uploads\/2021\/11\/CamScanner-11-09-2021-14.38n-1-188x300.jpg 188w, https:\/\/eusuntdelia.ro\/wp-content\/uploads\/2021\/11\/CamScanner-11-09-2021-14.38n-1-768x1226.jpg 768w, https:\/\/eusuntdelia.ro\/wp-content\/uploads\/2021\/11\/CamScanner-11-09-2021-14.38n-1-962x1536.jpg 962w, https:\/\/eusuntdelia.ro\/wp-content\/uploads\/2021\/11\/CamScanner-11-09-2021-14.38n-1-1283x2048.jpg 1283w, https:\/\/eusuntdelia.ro\/wp-content\/uploads\/2021\/11\/CamScanner-11-09-2021-14.38n-1.jpg 1416w\" sizes=\"auto, (max-width: 227px) 100vw, 227px\" \/><\/figure><\/div>\n<\/div>\n\n\n\n<div class=\"wp-block-column is-layout-flow wp-block-column-is-layout-flow\">\n<p><\/p>\n\n\n\n<div class=\"wp-block-buttons is-layout-flex wp-block-buttons-is-layout-flex\">\n<div class=\"wp-block-button is-style-fill\"><a class=\"wp-block-button__link has-black-color has-text-color\" href=\"https:\/\/eusuntdelia.ro\/?page_id=36\" style=\"border-radius:26px\"><span style=\"color:#f7bee5\" class=\"tadv-color\">Comanda cartea aici<\/span><\/a><\/div>\n<\/div>\n\n\n\n<p>\u201dB\u0103taie de gene\u201d este o carte despre supravie\u021buire \u00een contexte pe care nu ni le alegem \u0219i pe care nu le putem controla. Este o lupt\u0103 \u00eentre disperare \u0219i resemnare, \u00eentuneric \u0219i lumin\u0103, o lupt\u0103 care se termin\u0103 cu acceptare, iertare \u0219i, paradoxal, un nou \u00eenceput. <\/p>\n\n\n\n<ul class=\"wp-block-list\"><li><em>160 pagini, paperback, 19 RON<\/em><\/li><\/ul>\n<\/div>\n<\/div>\n<\/div>\n<\/div>\n\n\n\n<p><\/p>\n","protected":false},"excerpt":{"rendered":"<p>\u201dB\u0103taie de gene\u201d este o carte despre supravie\u021buire \u00een contexte pe care nu ni le alegem \u0219i pe care nu le putem controla. Este o lupt\u0103 \u00eentre disperare \u0219i resemnare, \u00eentuneric \u0219i lumin\u0103, o lupt\u0103 care se termin\u0103 cu acceptare, iertare \u0219i, paradoxal, un nou \u00eenceput. 160 pagini, paperback, 19 RON<\/p>\n","protected":false},"author":1,"featured_media":0,"parent":0,"menu_order":0,"comment_status":"closed","ping_status":"closed","template":"","meta":{"_s2mail":"","footnotes":""},"class_list":["post-134","page","type-page","status-publish","hentry"],"aioseo_notices":[],"jetpack_sharing_enabled":true,"_links":{"self":[{"href":"https:\/\/eusuntdelia.ro\/index.php?rest_route=\/wp\/v2\/pages\/134","targetHints":{"allow":["GET"]}}],"collection":[{"href":"https:\/\/eusuntdelia.ro\/index.php?rest_route=\/wp\/v2\/pages"}],"about":[{"href":"https:\/\/eusuntdelia.ro\/index.php?rest_route=\/wp\/v2\/types\/page"}],"author":[{"embeddable":true,"href":"https:\/\/eusuntdelia.ro\/index.php?rest_route=\/wp\/v2\/users\/1"}],"replies":[{"embeddable":true,"href":"https:\/\/eusuntdelia.ro\/index.php?rest_route=%2Fwp%2Fv2%2Fcomments&post=134"}],"version-history":[{"count":7,"href":"https:\/\/eusuntdelia.ro\/index.php?rest_route=\/wp\/v2\/pages\/134\/revisions"}],"predecessor-version":[{"id":223,"href":"https:\/\/eusuntdelia.ro\/index.php?rest_route=\/wp\/v2\/pages\/134\/revisions\/223"}],"wp:attachment":[{"href":"https:\/\/eusuntdelia.ro\/index.php?rest_route=%2Fwp%2Fv2%2Fmedia&parent=134"}],"curies":[{"name":"wp","href":"https:\/\/api.w.org\/{rel}","templated":true}]}}